{"id":1244,"date":"2023-11-29T20:24:14","date_gmt":"2023-11-29T19:24:14","guid":{"rendered":"https:\/\/eurodata.node.systems\/?page_id=1244"},"modified":"2023-12-14T17:44:43","modified_gmt":"2023-12-14T16:44:43","slug":"privacy","status":"publish","type":"page","link":"https:\/\/www.eurodata.bz.it\/it\/privacy\/","title":{"rendered":"privacy"},"content":{"rendered":"\t\t<div data-elementor-type=\"wp-page\" data-elementor-id=\"1244\" class=\"elementor elementor-1244 elementor-561\" data-elementor-post-type=\"page\">\n\t\t\t\t<div class=\"elementor-element elementor-element-1538ad0 e-grid e-con-boxed e-con e-parent\" data-id=\"1538ad0\" data-element_type=\"container\" data-e-type=\"container\" data-settings=\"{&quot;background_background&quot;:&quot;classic&quot;}\">\n\t\t\t\t\t<div class=\"e-con-inner\">\n\t\t\t\t<div class=\"elementor-element elementor-element-40cd873 elementor-widget__width-initial elementor-widget elementor-widget-text-editor\" data-id=\"40cd873\" data-element_type=\"widget\" data-e-type=\"widget\" data-widget_type=\"text-editor.default\">\n\t\t\t\t<div class=\"elementor-widget-container\">\n\t\t\t\t\t\t\t\t\t<p>Privacy<\/p>\t\t\t\t\t\t\t\t<\/div>\n\t\t\t\t<\/div>\n\t\t\t\t\t<\/div>\n\t\t\t\t<\/div>\n\t\t<div class=\"elementor-element elementor-element-3888195 e-grid e-con-boxed e-con e-parent\" data-id=\"3888195\" data-element_type=\"container\" data-e-type=\"container\">\n\t\t\t\t\t<div class=\"e-con-inner\">\n\t\t\t\t<div class=\"elementor-element elementor-element-44eb29d elementor-widget elementor-widget-text-editor\" data-id=\"44eb29d\" data-element_type=\"widget\" data-e-type=\"widget\" data-widget_type=\"text-editor.default\">\n\t\t\t\t<div class=\"elementor-widget-container\">\n\t\t\t\t\t\t\t\t\t<p><b>Responsabilit\u00e1 dei link<\/b><\/p>\t\t\t\t\t\t\t\t<\/div>\n\t\t\t\t<\/div>\n\t\t\t\t<div class=\"elementor-element elementor-element-9d99a69 elementor-widget elementor-widget-text-editor\" data-id=\"9d99a69\" data-element_type=\"widget\" data-e-type=\"widget\" data-widget_type=\"text-editor.default\">\n\t\t\t\t<div class=\"elementor-widget-container\">\n\t\t\t\t\t\t\t\t\t<address><div class=\"flex-1 overflow-hidden\"><div class=\"react-scroll-to-bottom--css-zpujs-79elbk h-full\"><div class=\"react-scroll-to-bottom--css-zpujs-1n7m0yu\"><div class=\"flex flex-col pb-9 text-sm\"><div class=\"w-full text-token-text-primary\" data-testid=\"conversation-turn-112\"><div class=\"px-4 py-2 justify-center text-base md:gap-6 m-auto\"><div class=\"flex flex-1 text-base mx-auto gap-3 md:px-5 lg:px-1 xl:px-5 md:max-w-3xl lg:max-w-[40rem] xl:max-w-[48rem] group final-completion\"><div class=\"relative flex w-full flex-col lg:w-[calc(100%-115px)] agent-turn\"><div class=\"flex-col gap-1 md:gap-3\"><div class=\"flex flex-grow flex-col max-w-full\"><div class=\"min-h-[20px] text-message flex flex-col items-start gap-3 whitespace-pre-wrap break-words [.text-message+&amp;]:mt-5 overflow-x-auto\" data-message-author-role=\"assistant\" data-message-id=\"dfaf0d47-2373-4d07-9a14-ba29304c85bc\"><div class=\"markdown prose w-full break-words dark:prose-invert dark\"><p>Nonostante un&#8217;attenta verifica dei contenuti, decliniamo ogni responsabilit\u00e0 per i contenuti dei collegamenti esterni. L&#8217;unico responsabile dei contenuti delle pagine collegate \u00e8 esclusivamente il gestore di tali pagine.<\/p><\/div><\/div><\/div><\/div><\/div><\/div><\/div><\/div><\/div><\/div><\/div><\/div><\/address>\t\t\t\t\t\t\t\t<\/div>\n\t\t\t\t<\/div>\n\t\t\t\t\t<\/div>\n\t\t\t\t<\/div>\n\t\t<div class=\"elementor-element elementor-element-05c8ad4 e-grid e-con-boxed e-con e-parent\" data-id=\"05c8ad4\" data-element_type=\"container\" data-e-type=\"container\">\n\t\t\t\t\t<div class=\"e-con-inner\">\n\t\t\t\t<div class=\"elementor-element elementor-element-b893b70 elementor-widget elementor-widget-text-editor\" data-id=\"b893b70\" data-element_type=\"widget\" data-e-type=\"widget\" data-widget_type=\"text-editor.default\">\n\t\t\t\t<div class=\"elementor-widget-container\">\n\t\t\t\t\t\t\t\t\t<p><b>Diritti d\u00b4autore:<\/b><\/p>\t\t\t\t\t\t\t\t<\/div>\n\t\t\t\t<\/div>\n\t\t\t\t<div class=\"elementor-element elementor-element-473addf elementor-widget elementor-widget-text-editor\" data-id=\"473addf\" data-element_type=\"widget\" data-e-type=\"widget\" data-widget_type=\"text-editor.default\">\n\t\t\t\t<div class=\"elementor-widget-container\">\n\t\t\t\t\t\t\t\t\t<address>Il contenuto di questo sito web \u00e8 protetto da copyright. La fornitura di contenuti e materiale fotografico di questo sito web su altri siti web \u00e8 consentita solo previa autorizzazione esplicita dell&#8217;editore. Le informazioni contenute in questo sito web sono state create con la massima diligenza e verificate con grande cura per la loro correttezza. Tuttavia, non \u00e8 possibile escludere completamente errori di contenuto e fatti. Eurodata OHG non offre alcuna garanzia e non si assume alcuna responsabilit\u00e0 per l&#8217;accuratezza, l&#8217;aggiornamento e la completezza delle informazioni fornite. Tutte le informazioni sono fornite senza alcuna garanzia. Questo si applica anche a tutti i collegamenti ad altri URL menzionati sul nostro sito web.<\/address>\t\t\t\t\t\t\t\t<\/div>\n\t\t\t\t<\/div>\n\t\t\t\t\t<\/div>\n\t\t\t\t<\/div>\n\t\t<div class=\"elementor-element elementor-element-99c7b45 e-grid e-con-boxed e-con e-parent\" data-id=\"99c7b45\" data-element_type=\"container\" data-e-type=\"container\">\n\t\t\t\t\t<div class=\"e-con-inner\">\n\t\t\t\t<div class=\"elementor-element elementor-element-b27b2db elementor-widget elementor-widget-text-editor\" data-id=\"b27b2db\" data-element_type=\"widget\" data-e-type=\"widget\" data-widget_type=\"text-editor.default\">\n\t\t\t\t<div class=\"elementor-widget-container\">\n\t\t\t\t\t\t\t\t\t<p><b>Nota per la privacy<\/b><\/p>\t\t\t\t\t\t\t\t<\/div>\n\t\t\t\t<\/div>\n\t\t\t\t<div class=\"elementor-element elementor-element-6727f09 elementor-widget elementor-widget-text-editor\" data-id=\"6727f09\" data-element_type=\"widget\" data-e-type=\"widget\" data-widget_type=\"text-editor.default\">\n\t\t\t\t<div class=\"elementor-widget-container\">\n\t\t\t\t\t\t\t\t\t<address>Le informazioni personali fornite volontariamente dall&#8217;utente saranno trattate in conformit\u00e0 con la legge italiana sulla privacy (Decreto 196\/2003) in modo confidenziale e esclusivamente per lo scopo per cui sono state fornite. Il titolare dei dati personali \u00e8 l&#8217;azienda Eurodata. L&#8217;utente ha il diritto di esercitare in qualsiasi momento i suoi diritti previsti dall&#8217;articolo 7 della legge sulla privacy (diritto di accesso, modifica, cancellazione, ecc.).<\/address>\t\t\t\t\t\t\t\t<\/div>\n\t\t\t\t<\/div>\n\t\t\t\t\t<\/div>\n\t\t\t\t<\/div>\n\t\t<div class=\"elementor-element elementor-element-4a5df5b e-flex e-con-boxed e-con e-parent\" data-id=\"4a5df5b\" data-element_type=\"container\" data-e-type=\"container\">\n\t\t\t\t\t<div class=\"e-con-inner\">\n\t\t\t\t<div class=\"elementor-element elementor-element-d3cb3ed elementor-widget elementor-widget-spacer\" data-id=\"d3cb3ed\" data-element_type=\"widget\" data-e-type=\"widget\" data-widget_type=\"spacer.default\">\n\t\t\t\t<div class=\"elementor-widget-container\">\n\t\t\t\t\t\t\t<div class=\"elementor-spacer\">\n\t\t\t<div class=\"elementor-spacer-inner\"><\/div>\n\t\t<\/div>\n\t\t\t\t\t\t<\/div>\n\t\t\t\t<\/div>\n\t\t\t\t\t<\/div>\n\t\t\t\t<\/div>\n\t\t\t\t<\/div>\n\t\t","protected":false},"excerpt":{"rendered":"<p>Privacy Responsabilit\u00e1 dei link Nonostante un&#8217;attenta verifica dei contenuti, decliniamo ogni responsabilit\u00e0 per i contenuti dei collegamenti esterni. L&#8217;unico responsabile dei contenuti delle pagine collegate \u00e8 esclusivamente il gestore di tali pagine. Diritti d\u00b4autore: Il contenuto di questo sito web \u00e8 protetto da copyright. La fornitura di contenuti e materiale fotografico di questo sito web [&hellip;]<\/p>\n","protected":false},"author":1,"featured_media":0,"parent":0,"menu_order":0,"comment_status":"closed","ping_status":"closed","template":"","meta":{"site-sidebar-layout":"no-sidebar","site-content-layout":"","ast-site-content-layout":"full-width-container","site-content-style":"default","site-sidebar-style":"default","ast-global-header-display":"","ast-banner-title-visibility":"","ast-main-header-display":"","ast-hfb-above-header-display":"","ast-hfb-below-header-display":"","ast-hfb-mobile-header-display":"","site-post-title":"disabled","ast-breadcrumbs-content":"","ast-featured-img":"disabled","footer-sml-layout":"","ast-disable-related-posts":"","theme-transparent-header-meta":"","adv-header-id-meta":"","stick-header-meta":"","header-above-stick-meta":"","header-main-stick-meta":"","header-below-stick-meta":"","astra-migrate-meta-layouts":"default","ast-page-background-enabled":"default","ast-page-background-meta":{"desktop":{"background-color":"var(--ast-global-color-4)","background-image":"","background-repeat":"repeat","background-position":"center center","background-size":"auto","background-attachment":"scroll","background-type":"","background-media":"","overlay-type":"","overlay-color":"","overlay-opacity":"","overlay-gradient":""},"tablet":{"background-color":"","background-image":"","background-repeat":"repeat","background-position":"center center","background-size":"auto","background-attachment":"scroll","background-type":"","background-media":"","overlay-type":"","overlay-color":"","overlay-opacity":"","overlay-gradient":""},"mobile":{"background-color":"","background-image":"","background-repeat":"repeat","background-position":"center center","background-size":"auto","background-attachment":"scroll","background-type":"","background-media":"","overlay-type":"","overlay-color":"","overlay-opacity":"","overlay-gradient":""}},"ast-content-background-meta":{"desktop":{"background-color":"var(--ast-global-color-5)","background-image":"","background-repeat":"repeat","background-position":"center center","background-size":"auto","background-attachment":"scroll","background-type":"","background-media":"","overlay-type":"","overlay-color":"","overlay-opacity":"","overlay-gradient":""},"tablet":{"background-color":"var(--ast-global-color-5)","background-image":"","background-repeat":"repeat","background-position":"center center","background-size":"auto","background-attachment":"scroll","background-type":"","background-media":"","overlay-type":"","overlay-color":"","overlay-opacity":"","overlay-gradient":""},"mobile":{"background-color":"var(--ast-global-color-5)","background-image":"","background-repeat":"repeat","background-position":"center center","background-size":"auto","background-attachment":"scroll","background-type":"","background-media":"","overlay-type":"","overlay-color":"","overlay-opacity":"","overlay-gradient":""}},"footnotes":""},"class_list":["post-1244","page","type-page","status-publish","hentry"],"yoast_head":"<!-- This site is optimized with the Yoast SEO plugin v27.4 - https:\/\/yoast.com\/product\/yoast-seo-wordpress\/ -->\n<title>privacy -<\/title>\n<meta name=\"robots\" content=\"index, follow, max-snippet:-1, max-image-preview:large, max-video-preview:-1\" \/>\n<link rel=\"canonical\" href=\"https:\/\/www.eurodata.bz.it\/it\/privacy\/\" \/>\n<meta property=\"og:locale\" content=\"it_IT\" \/>\n<meta property=\"og:type\" content=\"article\" \/>\n<meta property=\"og:title\" content=\"privacy -\" \/>\n<meta property=\"og:description\" content=\"Privacy Responsabilit\u00e1 dei link Nonostante un&#8217;attenta verifica dei contenuti, decliniamo ogni responsabilit\u00e0 per i contenuti dei collegamenti esterni. L&#8217;unico responsabile dei contenuti delle pagine collegate \u00e8 esclusivamente il gestore di tali pagine. Diritti d\u00b4autore: Il contenuto di questo sito web \u00e8 protetto da copyright. La fornitura di contenuti e materiale fotografico di questo sito web [&hellip;]\" \/>\n<meta property=\"og:url\" content=\"https:\/\/www.eurodata.bz.it\/it\/privacy\/\" \/>\n<meta property=\"article:modified_time\" content=\"2023-12-14T16:44:43+00:00\" \/>\n<meta name=\"twitter:card\" content=\"summary_large_image\" \/>\n<meta name=\"twitter:label1\" content=\"Tempo di lettura stimato\" \/>\n\t<meta name=\"twitter:data1\" content=\"1 minuto\" \/>\n<script type=\"application\/ld+json\" class=\"yoast-schema-graph\">{\"@context\":\"https:\\\/\\\/schema.org\",\"@graph\":[{\"@type\":\"WebPage\",\"@id\":\"https:\\\/\\\/www.eurodata.bz.it\\\/it\\\/privacy\\\/\",\"url\":\"https:\\\/\\\/www.eurodata.bz.it\\\/it\\\/privacy\\\/\",\"name\":\"privacy -\",\"isPartOf\":{\"@id\":\"https:\\\/\\\/www.eurodata.bz.it\\\/#website\"},\"datePublished\":\"2023-11-29T19:24:14+00:00\",\"dateModified\":\"2023-12-14T16:44:43+00:00\",\"breadcrumb\":{\"@id\":\"https:\\\/\\\/www.eurodata.bz.it\\\/it\\\/privacy\\\/#breadcrumb\"},\"inLanguage\":\"it-IT\",\"potentialAction\":[{\"@type\":\"ReadAction\",\"target\":[\"https:\\\/\\\/www.eurodata.bz.it\\\/it\\\/privacy\\\/\"]}]},{\"@type\":\"BreadcrumbList\",\"@id\":\"https:\\\/\\\/www.eurodata.bz.it\\\/it\\\/privacy\\\/#breadcrumb\",\"itemListElement\":[{\"@type\":\"ListItem\",\"position\":1,\"name\":\"Startseite\",\"item\":\"https:\\\/\\\/www.eurodata.bz.it\\\/it\\\/\"},{\"@type\":\"ListItem\",\"position\":2,\"name\":\"privacy\"}]},{\"@type\":\"WebSite\",\"@id\":\"https:\\\/\\\/www.eurodata.bz.it\\\/#website\",\"url\":\"https:\\\/\\\/www.eurodata.bz.it\\\/\",\"name\":\"\",\"description\":\"\",\"potentialAction\":[{\"@type\":\"SearchAction\",\"target\":{\"@type\":\"EntryPoint\",\"urlTemplate\":\"https:\\\/\\\/www.eurodata.bz.it\\\/?s={search_term_string}\"},\"query-input\":{\"@type\":\"PropertyValueSpecification\",\"valueRequired\":true,\"valueName\":\"search_term_string\"}}],\"inLanguage\":\"it-IT\"}]}<\/script>\n<!-- \/ Yoast SEO plugin. -->","yoast_head_json":{"title":"privacy -","robots":{"index":"index","follow":"follow","max-snippet":"max-snippet:-1","max-image-preview":"max-image-preview:large","max-video-preview":"max-video-preview:-1"},"canonical":"https:\/\/www.eurodata.bz.it\/it\/privacy\/","og_locale":"it_IT","og_type":"article","og_title":"privacy -","og_description":"Privacy Responsabilit\u00e1 dei link Nonostante un&#8217;attenta verifica dei contenuti, decliniamo ogni responsabilit\u00e0 per i contenuti dei collegamenti esterni. L&#8217;unico responsabile dei contenuti delle pagine collegate \u00e8 esclusivamente il gestore di tali pagine. Diritti d\u00b4autore: Il contenuto di questo sito web \u00e8 protetto da copyright. La fornitura di contenuti e materiale fotografico di questo sito web [&hellip;]","og_url":"https:\/\/www.eurodata.bz.it\/it\/privacy\/","article_modified_time":"2023-12-14T16:44:43+00:00","twitter_card":"summary_large_image","twitter_misc":{"Tempo di lettura stimato":"1 minuto"},"schema":{"@context":"https:\/\/schema.org","@graph":[{"@type":"WebPage","@id":"https:\/\/www.eurodata.bz.it\/it\/privacy\/","url":"https:\/\/www.eurodata.bz.it\/it\/privacy\/","name":"privacy -","isPartOf":{"@id":"https:\/\/www.eurodata.bz.it\/#website"},"datePublished":"2023-11-29T19:24:14+00:00","dateModified":"2023-12-14T16:44:43+00:00","breadcrumb":{"@id":"https:\/\/www.eurodata.bz.it\/it\/privacy\/#breadcrumb"},"inLanguage":"it-IT","potentialAction":[{"@type":"ReadAction","target":["https:\/\/www.eurodata.bz.it\/it\/privacy\/"]}]},{"@type":"BreadcrumbList","@id":"https:\/\/www.eurodata.bz.it\/it\/privacy\/#breadcrumb","itemListElement":[{"@type":"ListItem","position":1,"name":"Startseite","item":"https:\/\/www.eurodata.bz.it\/it\/"},{"@type":"ListItem","position":2,"name":"privacy"}]},{"@type":"WebSite","@id":"https:\/\/www.eurodata.bz.it\/#website","url":"https:\/\/www.eurodata.bz.it\/","name":"","description":"","potentialAction":[{"@type":"SearchAction","target":{"@type":"EntryPoint","urlTemplate":"https:\/\/www.eurodata.bz.it\/?s={search_term_string}"},"query-input":{"@type":"PropertyValueSpecification","valueRequired":true,"valueName":"search_term_string"}}],"inLanguage":"it-IT"}]}},"_links":{"self":[{"href":"https:\/\/www.eurodata.bz.it\/it\/wp-json\/wp\/v2\/pages\/1244","targetHints":{"allow":["GET"]}}],"collection":[{"href":"https:\/\/www.eurodata.bz.it\/it\/wp-json\/wp\/v2\/pages"}],"about":[{"href":"https:\/\/www.eurodata.bz.it\/it\/wp-json\/wp\/v2\/types\/page"}],"author":[{"embeddable":true,"href":"https:\/\/www.eurodata.bz.it\/it\/wp-json\/wp\/v2\/users\/1"}],"replies":[{"embeddable":true,"href":"https:\/\/www.eurodata.bz.it\/it\/wp-json\/wp\/v2\/comments?post=1244"}],"version-history":[{"count":5,"href":"https:\/\/www.eurodata.bz.it\/it\/wp-json\/wp\/v2\/pages\/1244\/revisions"}],"predecessor-version":[{"id":1249,"href":"https:\/\/www.eurodata.bz.it\/it\/wp-json\/wp\/v2\/pages\/1244\/revisions\/1249"}],"wp:attachment":[{"href":"https:\/\/www.eurodata.bz.it\/it\/wp-json\/wp\/v2\/media?parent=1244"}],"curies":[{"name":"wp","href":"https:\/\/api.w.org\/{rel}","templated":true}]}}